{"id":634,"date":"2025-01-09T15:12:44","date_gmt":"2025-01-09T14:12:44","guid":{"rendered":"https:\/\/lernadapter.de\/wordpress\/?page_id=634"},"modified":"2025-01-12T10:07:27","modified_gmt":"2025-01-12T09:07:27","slug":"hosting","status":"publish","type":"page","link":"https:\/\/lernadapter.de\/wordpress\/home\/hosting\/","title":{"rendered":"LMS-Hosting"},"content":{"rendered":"\n<div class=\"wp-block-uagb-container uagb-block-83868740 alignfull uagb-is-root-container\">\n<div class=\"wp-block-uagb-container uag-hide-mob uagb-block-7ea9a9c3\"><\/div>\n\n\n\n<div class=\"wp-block-uagb-container uagb-block-178c8284\">\n<div class=\"wp-block-uagb-info-box uagb-block-5bacd792 uagb-infobox__content-wrap  uagb-infobox-icon-above-title uagb-infobox-image-valign-top wp-block-uagb-info-box--has-margin\"><div class=\"uagb-infobox-margin-wrapper\"><div class=\"uagb-ifb-content\"><div class=\"uagb-ifb-title-wrap\"><h6 class=\"uagb-ifb-title-prefix\">Infrastruktur f\u00fcr Sie<\/h6><h2 class=\"uagb-ifb-title\">LMS-Hosting &amp; Adminstration<\/h2><\/div><p class=\"uagb-ifb-desc\">Sie haben noch gar kein Lernmanagement-System, um eLearning-Inhalte darzustellen und die Lernerfolge Ihrer Mitarbeiter zu dokumentieren?<br><br>Kein Problem! Wir richten Ihnen gerne eine Plattform schl\u00fcsselfertig ein.<br>Dabei fallen im Vergleich zu gro\u00dfen Anbietern wie SuccessFactors, Talentsoft oder Coursera nur minimale Kosten an. Sie zahlen lediglich einmalig f\u00fcr die Einrichtung des Systems sowie die Miete der Hardware, auf der das System l\u00e4uft.<br><br>Der gr\u00f6\u00dfte Vorteil? Es gibt keine Berechnung auf Lizenzbasis. Auf solche verbraucherunfreundlichen Praktiken verzichten wir schon aus moralischen Gr\u00fcnden.<\/p><div class=\"uagb-ifb-button-wrapper wp-block-button\"><a href=\"https:\/\/outlook.office365.com\/book\/Lernadapter1@Lernadapter1.onmicrosoft.com\/\" class=\"uagb-infobox-cta-link wp-block-button__link\" target=\"_self\" rel=\"noopener noreferrer\" onclick=\"return true;\"><span class=\"uagb-inline-editing\">Beratungsgespr\u00e4ch Vereinbaren<\/span><svg xmlns=\"https:\/\/www.w3.org\/2000\/svg\" viewBox=\"0 0 448 512\"><path d=\"M438.6 278.6l-160 160C272.4 444.9 264.2 448 256 448s-16.38-3.125-22.62-9.375c-12.5-12.5-12.5-32.75 0-45.25L338.8 288H32C14.33 288 .0016 273.7 .0016 256S14.33 224 32 224h306.8l-105.4-105.4c-12.5-12.5-12.5-32.75 0-45.25s32.75-12.5 45.25 0l160 160C451.1 245.9 451.1 266.1 438.6 278.6z\"><\/path><\/svg><\/a><\/div><\/div><\/div><\/div>\n<\/div>\n<\/div>\n\n\n\n<div class=\"wp-block-uagb-container uagb-block-d2c33a3f alignfull uagb-is-root-container\"><div class=\"uagb-container-inner-blocks-wrap\">\n<div class=\"wp-block-uagb-info-box uagb-block-f309a33f uagb-infobox__content-wrap  uagb-infobox-icon-left-title uagb-infobox-left uagb-infobox-image-valign-middle wp-block-uagb-info-box--has-margin\"><div class=\"uagb-infobox-margin-wrapper\"><div class=\"uagb-ifb-content\"><div class=\"uagb-ifb-left-title-image\"><div class=\"uagb-ifb-icon-wrap\"><svg xmlns=\"https:\/\/www.w3.org\/2000\/svg\" viewBox=\"0 0 448 512\"><path d=\"M384 32H64C28.65 32 0 60.65 0 96v320c0 35.35 28.65 64 64 64h320c35.35 0 64-28.65 64-64V96C448 60.65 419.3 32 384 32zM351.6 321.5l-11.62 50.39c-1.633 7.125-7.9 12.11-15.24 12.11c-126.1 0-228.7-102.6-228.7-228.8c0-7.328 4.984-13.59 12.11-15.22l50.38-11.63c7.344-1.703 14.88 2.109 17.93 9.062l23.27 54.28c2.719 6.391 .8828 13.83-4.492 18.22L168.3 232c16.99 34.61 45.14 62.75 79.77 79.75l22.02-26.91c4.344-5.391 11.85-7.25 18.24-4.484l54.24 23.25C349.5 306.6 353.3 314.2 351.6 321.5z\"><\/path><\/svg><\/div><div class=\"uagb-ifb-title-wrap\"><h3 class=\"uagb-ifb-title\">Noch Fragen? +49 176 4152 6030<\/h3><\/div><\/div><\/div><\/div><\/div>\n<\/div><\/div>\n\n\n\n<div class=\"wp-block-uagb-container uagb-layout-grid uagb-block-df0831ad alignfull uagb-is-root-container\"><div class=\"uagb-container-inner-blocks-wrap\">\n<div class=\"wp-block-uagb-info-box uagb-block-11baed6d uagb-infobox__content-wrap  uagb-infobox-icon-above-title uagb-infobox-image-valign-top\"><div class=\"uagb-ifb-content\"><div class=\"uagb-ifb-image-content\"><img decoding=\"async\" src=\"https:\/\/lernadapter.de\/wordpress\/wp-content\/uploads\/2025\/01\/home3-300x300.png\" alt=\"\" width=\"\" height=\"0\" loading=\"lazy\"\/><\/div><div class=\"uagb-ifb-separator\"><\/div><div class=\"uagb-ifb-title-wrap\"><\/div><\/div><\/div>\n\n\n\n<div class=\"wp-block-uagb-advanced-heading uagb-block-2d1b90a6\"><h2 class=\"uagb-heading-text\">On-Premise Server<\/h2><p class=\"uagb-desc-text\">Sie m\u00f6chten lieber Ihren eigenen Server nutzen? Gar kein Problem!<br>So kann das System alle informationssicherheits- und datenschutzrechtlichen Anforderungen erf\u00fcllen, die auch f\u00fcr Ihre anderen Daten gelten.<br>In diesem Fall fallen nur Kosten f\u00fcr das Einrichten des Servers an. Optional k\u00f6nnen Sie die Wartung und Weiterentwicklung des Systems hinzubuchen.<\/p><\/div>\n<\/div><\/div>\n\n\n\n<div class=\"wp-block-uagb-container uagb-block-d8ac2f0a alignfull uagb-is-root-container\"><div class=\"uagb-container-inner-blocks-wrap\">\n<div class=\"wp-block-uagb-advanced-heading uagb-block-443fec0f\"><h2 class=\"uagb-heading-text\">Warum Lernadapter?<\/h2><p class=\"uagb-desc-text\">Wir sind Ihre L\u00f6sung!<\/p><\/div>\n\n\n\n<div class=\"wp-block-uagb-container uagb-block-5141d019\">\n<div class=\"wp-block-uagb-info-box uagb-block-29a4c794 uagb-infobox__content-wrap  uagb-infobox-icon-above-title uagb-infobox-image-valign-top wp-block-uagb-info-box--has-margin\"><div class=\"uagb-infobox-margin-wrapper\"><div class=\"uagb-ifb-content\"><div class=\"uagb-ifb-image-content\"><img decoding=\"async\" src=\"https:\/\/lernadapter.de\/wordpress\/wp-content\/uploads\/2025\/01\/piggy-bank.png\" alt=\"\" width=\"\" height=\"0\" loading=\"lazy\"\/><\/div><div class=\"uagb-ifb-title-wrap\"><h3 class=\"uagb-ifb-title\">Faire Preise<\/h3><\/div><p class=\"uagb-ifb-desc\">Gutes, modernes Lernmanagement muss nicht viel kosten. Mit unseren Systemen k\u00f6nnen Sie dennoch alles erreichen was die Premium Systeme auch wollen (manchmal sogar mehr).<\/p><\/div><\/div><\/div>\n\n\n\n<div class=\"wp-block-uagb-info-box uagb-block-d6fe9562 uagb-infobox__content-wrap  uagb-infobox-icon-above-title uagb-infobox-image-valign-top\"><div class=\"uagb-ifb-content\"><div class=\"uagb-ifb-image-content\"><img decoding=\"async\" src=\"https:\/\/lernadapter.de\/wordpress\/wp-content\/uploads\/2025\/01\/24-7.png\" alt=\"\" width=\"\" height=\"0\" loading=\"lazy\"\/><\/div><div class=\"uagb-ifb-title-wrap\"><h3 class=\"uagb-ifb-title\">Service Jederzeit<\/h3><\/div><p class=\"uagb-ifb-desc\">Wir stehen Ihnen gerne f\u00fcr Ihre Anfragen zur Verf\u00fcgung. Unser Service ist bereit Sie zu unterst\u00fctzen, dass beste aus Ihrem System herauszuholen.<\/p><\/div><\/div>\n\n\n\n<div class=\"wp-block-uagb-info-box uagb-block-b07acd79 uagb-infobox__content-wrap  uagb-infobox-icon-above-title uagb-infobox-image-valign-top\"><div class=\"uagb-ifb-content\"><div class=\"uagb-ifb-image-content\"><img decoding=\"async\" src=\"https:\/\/lernadapter.de\/wordpress\/wp-content\/uploads\/2025\/01\/tools.png\" alt=\"\" width=\"\" height=\"0\" loading=\"lazy\"\/><\/div><div class=\"uagb-ifb-title-wrap\"><h3 class=\"uagb-ifb-title\">Qualifizierte Fachkr\u00e4fte<\/h3><\/div><p class=\"uagb-ifb-desc\">Unsere Mitarbeiter vereinen technische, p\u00e4dagogisch-didaktische und Organisatorische F\u00e4higkeiten, um Ihnen die besten Wege zum Ziel aufzuzeigen.<\/p><\/div><\/div>\n<\/div>\n<\/div><\/div>\n\n\n\n<p><\/p>\n","protected":false},"excerpt":{"rendered":"<p>On-Premise Server Sie m\u00f6chten lieber Ihren eigenen Server nutzen? Gar kein Problem!So kann das System alle informationssicherheits- und datenschutzrechtlichen Anforderungen erf\u00fcllen, die auch f\u00fcr Ihre anderen Daten gelten.In diesem Fall fallen nur Kosten f\u00fcr das Einrichten des Servers an. Optional k\u00f6nnen Sie die Wartung und Weiterentwicklung des Systems hinzubuchen. Warum Lernadapter? Wir sind Ihre L\u00f6sung!<\/p>\n","protected":false},"author":1,"featured_media":0,"parent":69,"menu_order":0,"comment_status":"closed","ping_status":"closed","template":"","meta":{"_uag_custom_page_level_css":"","site-sidebar-layout":"default","site-content-layout":"","ast-site-content-layout":"default","site-content-style":"default","site-sidebar-style":"default","ast-global-header-display":"","ast-banner-title-visibility":"","ast-main-header-display":"","ast-hfb-above-header-display":"","ast-hfb-below-header-display":"","ast-hfb-mobile-header-display":"","site-post-title":"disabled","ast-breadcrumbs-content":"","ast-featured-img":"","footer-sml-layout":"","theme-transparent-header-meta":"","adv-header-id-meta":"","stick-header-meta":"","header-above-stick-meta":"","header-main-stick-meta":"","header-below-stick-meta":"","astra-migrate-meta-layouts":"set","ast-page-background-enabled":"default","ast-page-background-meta":{"desktop":{"background-color":"var(--ast-global-color-4)","background-image":"","background-repeat":"repeat","background-position":"center center","background-size":"auto","background-attachment":"scroll","background-type":"","background-media":"","overlay-type":"","overlay-color":"","overlay-opacity":"","overlay-gradient":""},"tablet":{"background-color":"","background-image":"","background-repeat":"repeat","background-position":"center center","background-size":"auto","background-attachment":"scroll","background-type":"","background-media":"","overlay-type":"","overlay-color":"","overlay-opacity":"","overlay-gradient":""},"mobile":{"background-color":"","background-image":"","background-repeat":"repeat","background-position":"center center","background-size":"auto","background-attachment":"scroll","background-type":"","background-media":"","overlay-type":"","overlay-color":"","overlay-opacity":"","overlay-gradient":""}},"ast-content-background-meta":{"desktop":{"background-color":"var(--ast-global-color-5)","background-image":"","background-repeat":"repeat","background-position":"center center","background-size":"auto","background-attachment":"scroll","background-type":"","background-media":"","overlay-type":"","overlay-color":"","overlay-opacity":"","overlay-gradient":""},"tablet":{"background-color":"var(--ast-global-color-5)","background-image":"","background-repeat":"repeat","background-position":"center center","background-size":"auto","background-attachment":"scroll","background-type":"","background-media":"","overlay-type":"","overlay-color":"","overlay-opacity":"","overlay-gradient":""},"mobile":{"background-color":"var(--ast-global-color-5)","background-image":"","background-repeat":"repeat","background-position":"center center","background-size":"auto","background-attachment":"scroll","background-type":"","background-media":"","overlay-type":"","overlay-color":"","overlay-opacity":"","overlay-gradient":""}},"footnotes":""},"class_list":["post-634","page","type-page","status-publish","hentry"],"uagb_featured_image_src":{"full":false,"thumbnail":false,"medium":false,"medium_large":false,"large":false,"1536x1536":false,"2048x2048":false},"uagb_author_info":{"display_name":"Maestrowp","author_link":"https:\/\/lernadapter.de\/wordpress\/author\/maestrowp\/"},"uagb_comment_info":0,"uagb_excerpt":"On-Premise Server Sie m\u00f6chten lieber Ihren eigenen Server nutzen? Gar kein Problem!So kann das System alle informationssicherheits- und datenschutzrechtlichen Anforderungen erf\u00fcllen, die auch f\u00fcr Ihre anderen Daten gelten.In diesem Fall fallen nur Kosten f\u00fcr das Einrichten des Servers an. Optional k\u00f6nnen Sie die Wartung und Weiterentwicklung des Systems hinzubuchen. Warum Lernadapter? Wir sind Ihre L\u00f6sung!","_links":{"self":[{"href":"https:\/\/lernadapter.de\/wordpress\/wp-json\/wp\/v2\/pages\/634","targetHints":{"allow":["GET"]}}],"collection":[{"href":"https:\/\/lernadapter.de\/wordpress\/wp-json\/wp\/v2\/pages"}],"about":[{"href":"https:\/\/lernadapter.de\/wordpress\/wp-json\/wp\/v2\/types\/page"}],"author":[{"embeddable":true,"href":"https:\/\/lernadapter.de\/wordpress\/wp-json\/wp\/v2\/users\/1"}],"replies":[{"embeddable":true,"href":"https:\/\/lernadapter.de\/wordpress\/wp-json\/wp\/v2\/comments?post=634"}],"version-history":[{"count":8,"href":"https:\/\/lernadapter.de\/wordpress\/wp-json\/wp\/v2\/pages\/634\/revisions"}],"predecessor-version":[{"id":814,"href":"https:\/\/lernadapter.de\/wordpress\/wp-json\/wp\/v2\/pages\/634\/revisions\/814"}],"up":[{"embeddable":true,"href":"https:\/\/lernadapter.de\/wordpress\/wp-json\/wp\/v2\/pages\/69"}],"wp:attachment":[{"href":"https:\/\/lernadapter.de\/wordpress\/wp-json\/wp\/v2\/media?parent=634"}],"curies":[{"name":"wp","href":"https:\/\/api.w.org\/{rel}","templated":true}]}}