{"id":667,"date":"2025-01-09T15:53:48","date_gmt":"2025-01-09T14:53:48","guid":{"rendered":"https:\/\/lernadapter.de\/wordpress\/?page_id=667"},"modified":"2025-01-10T18:31:27","modified_gmt":"2025-01-10T17:31:27","slug":"elearning-produktion","status":"publish","type":"page","link":"https:\/\/lernadapter.de\/wordpress\/home\/elearning-produktion\/","title":{"rendered":"eLearning Produktion"},"content":{"rendered":"\n<div class=\"wp-block-uagb-container uagb-block-83868740 alignfull uagb-is-root-container\">\n<div class=\"wp-block-uagb-container uag-hide-mob uagb-layout-flex uagb-block-7ea9a9c3\"><\/div>\n\n\n\n<div class=\"wp-block-uagb-container uagb-block-178c8284\">\n<div class=\"wp-block-uagb-info-box uagb-block-5bacd792 uagb-infobox__content-wrap  uagb-infobox-icon-above-title uagb-infobox-image-valign-top wp-block-uagb-info-box--has-margin\"><div class=\"uagb-infobox-margin-wrapper\"><div class=\"uagb-ifb-content\"><div class=\"uagb-ifb-title-wrap\"><span class=\"uagb-ifb-title-prefix\">Sie denken, dass eLearnings langweilig sind?<\/span><h2 class=\"uagb-ifb-title\">eLearnings die Sie wirklich gebrauchen k\u00f6nnen.<\/h2><\/div><p class=\"uagb-ifb-desc\">Zugegeben: Es gibt schon sehr viele sehr langweilige Umsetzungen von eLearnings. <br><br>Lernadapter m\u00f6chte diese Wahrnehmung herausfordern!<br><br>Lassen Sie uns eLearnings entwickeln, die Spa\u00df machen und dem Nutzer in seinem Arbeitsalltag wirklich weiterbringen!<br><br>Bei LernAdapter folgen wir dem &#8222;Design Thinking&#8220; Ansatz: iterativ und kollaborativ.<br>Sie behalten so jederzeit die Kontrolle \u00fcber Umsetzung und Inhalte!<\/p><div class=\"uagb-ifb-button-wrapper wp-block-button\"><a href=\"https:\/\/outlook.office365.com\/book\/Lernadapter1@Lernadapter1.onmicrosoft.com\/\" class=\"uagb-infobox-cta-link wp-block-button__link\" target=\"_self\" rel=\"noopener noreferrer\" onclick=\"return true;\"><span class=\"uagb-inline-editing\">Beratungsgespr\u00e4ch Vereinbaren<\/span><svg xmlns=\"https:\/\/www.w3.org\/2000\/svg\" viewBox=\"0 0 448 512\"><path d=\"M438.6 278.6l-160 160C272.4 444.9 264.2 448 256 448s-16.38-3.125-22.62-9.375c-12.5-12.5-12.5-32.75 0-45.25L338.8 288H32C14.33 288 .0016 273.7 .0016 256S14.33 224 32 224h306.8l-105.4-105.4c-12.5-12.5-12.5-32.75 0-45.25s32.75-12.5 45.25 0l160 160C451.1 245.9 451.1 266.1 438.6 278.6z\"><\/path><\/svg><\/a><\/div><\/div><\/div><\/div>\n<\/div>\n<\/div>\n\n\n\n<div class=\"wp-block-uagb-container uagb-layout-grid uagb-block-df0831ad alignfull uagb-is-root-container\"><div class=\"uagb-container-inner-blocks-wrap\">\n<div class=\"wp-block-uagb-info-box uagb-block-11baed6d uagb-infobox__content-wrap  uagb-infobox-icon-above-title uagb-infobox-image-valign-top\"><div class=\"uagb-ifb-content\"><div class=\"uagb-ifb-image-content\"><img decoding=\"async\" src=\"https:\/\/lernadapter.de\/wordpress\/wp-content\/uploads\/2025\/01\/process1-300x300.png\" alt=\"\" width=\"\" height=\"0\" loading=\"lazy\"\/><\/div><div class=\"uagb-ifb-separator\"><\/div><div class=\"uagb-ifb-title-wrap\"><\/div><\/div><\/div>\n\n\n\n<div class=\"wp-block-uagb-advanced-heading uagb-block-2d1b90a6\"><h2 class=\"uagb-heading-text\">Was bedeutet der Design-Thinking Ansatz?<\/h2><p class=\"uagb-desc-text\">Mit Buzzwords um sich werfen kann jeder! Deswegen hier eine Karikatur davon, was dies in der Praxis bedeutet, wenn wir miteinander arbeiten. Die Erstellung und Auslieferung eines eLearnings gliedert sich in Phasen:<br><br><strong>Planungsphase<\/strong><br>In einem kostenlosen Beratungsgespr\u00e4ch entwickeln wir insbesondere das &#8222;Was&#8220; und &#8222;Wie&#8220; Ihres Projektes.&nbsp; &nbsp; &nbsp;&nbsp; &nbsp; &nbsp; &nbsp;<br>F\u00fcr Ihre Vision des Endergebnisses ber\u00e4t LernAdapter Sie gerne zur optimalen Herangehensweise und Methodik. Dar\u00fcber hinaus steht Ihnen nach dem ersten Gespr\u00e4ch auch die Downloadsektion dieser Webseite zur Verf\u00fcgung,&nbsp; wo Ihnen hilfreiche Dokumente zur Planung des Projektes bereitgestellt werden.<br>Sollten Sie sich f\u00fcr die Produktion entscheiden, beginnt die Produktionsphase.<br><br><strong>Produktionsphase<\/strong><br>LernAdapter macht Ihnen Vorschl\u00e4ge &#8222;Wie&#8220; ein Inhalt zu pr\u00e4sentieren ist, inbesondere zu Themen wie Arbeitssicherheits-, Onboarding-, Compliance- und Soft Skill Trainings.&nbsp;Mit dem Design Thinking Ansatz ist aber jedes andere Thema ebenfalls m\u00f6glich.<br>Sie stellen die zu vermittelnden Informationen per Gespr\u00e4ch, Dokument oder Powerpoint etc. zur Verf\u00fcgung und LernAdapter verwandelt diese in das gew\u00fcnschte eLearning.<br><br><strong>Reviewphase<\/strong><br>Das Ziel ist es, Ihre Lerninhalte so aufzuarbeiten, dass sie wirklich verstanden werden und lange in guter Erinnerung bleiben. Bei manchen Projekten ist deshalb reine Sachlichkeit angebracht, bei anderen wird spannendes, interaktives Storytelling genutzt.<br>Sobald so aus Ihren &#8222;Rohdaten&#8220; ein didaktisch vern\u00fcnftig aufbereitetes eLearning als Entwurf erstellt worden ist, erhalten Sie dies auf unserem Review Server zur Ansicht.<br>Durch die Kommentarfunktion kann Ihr Feedback direkt an der relevanten Stelle eingetragen werden und in den Entwurf einflie\u00dfen. In einer oder mehreren Iterationen entsteht genau das eLearning, dass Ihre gew\u00fcnschten Inhalte didaktisch optimal vermittelt.<\/p><\/div>\n<\/div><\/div>\n\n\n\n<div class=\"wp-block-uagb-container uagb-block-d8ac2f0a alignfull uagb-is-root-container\"><div class=\"uagb-container-inner-blocks-wrap\">\n<div class=\"wp-block-uagb-advanced-heading uagb-block-443fec0f\"><h2 class=\"uagb-heading-text\">Warum Lernadapter?<\/h2><p class=\"uagb-desc-text\">Wir sind Ihre L\u00f6sung!<\/p><\/div>\n\n\n\n<div class=\"wp-block-uagb-container uagb-block-5141d019\">\n<div class=\"wp-block-uagb-info-box uagb-block-29a4c794 uagb-infobox__content-wrap  uagb-infobox-icon-above-title uagb-infobox-image-valign-top wp-block-uagb-info-box--has-margin\"><div class=\"uagb-infobox-margin-wrapper\"><div class=\"uagb-ifb-content\"><div class=\"uagb-ifb-image-content\"><img decoding=\"async\" src=\"https:\/\/lernadapter.de\/wordpress\/wp-content\/uploads\/2025\/01\/piggy-bank.png\" alt=\"\" width=\"\" height=\"0\" loading=\"lazy\"\/><\/div><div class=\"uagb-ifb-title-wrap\"><h3 class=\"uagb-ifb-title\">Faire Preise<\/h3><\/div><p class=\"uagb-ifb-desc\">Gutes, modernes Lernmanagement muss nicht viel kosten. Mit unseren Systemen k\u00f6nnen Sie dennoch alles erreichen was die Premium Systeme auch wollen (manchmal sogar mehr).<\/p><\/div><\/div><\/div>\n\n\n\n<div class=\"wp-block-uagb-info-box uagb-block-d6fe9562 uagb-infobox__content-wrap  uagb-infobox-icon-above-title uagb-infobox-image-valign-top\"><div class=\"uagb-ifb-content\"><div class=\"uagb-ifb-image-content\"><img decoding=\"async\" src=\"https:\/\/lernadapter.de\/wordpress\/wp-content\/uploads\/2025\/01\/24-7.png\" alt=\"\" width=\"\" height=\"0\" loading=\"lazy\"\/><\/div><div class=\"uagb-ifb-title-wrap\"><h3 class=\"uagb-ifb-title\">Service Jederzeit<\/h3><\/div><p class=\"uagb-ifb-desc\">Wir stehen Ihnen gerne f\u00fcr Ihre Anfragen zur Verf\u00fcgung. Unser Service ist bereit Sie zu unterst\u00fctzen, dass beste aus Ihrem System herauszuholen.<\/p><\/div><\/div>\n\n\n\n<div class=\"wp-block-uagb-info-box uagb-block-b07acd79 uagb-infobox__content-wrap  uagb-infobox-icon-above-title uagb-infobox-image-valign-top\"><div class=\"uagb-ifb-content\"><div class=\"uagb-ifb-image-content\"><img decoding=\"async\" src=\"https:\/\/lernadapter.de\/wordpress\/wp-content\/uploads\/2025\/01\/tools.png\" alt=\"\" width=\"\" height=\"0\" loading=\"lazy\"\/><\/div><div class=\"uagb-ifb-title-wrap\"><h3 class=\"uagb-ifb-title\">Qualifizierte Fachkr\u00e4fte<\/h3><\/div><p class=\"uagb-ifb-desc\">Unsere Mitarbeiter vereinen technische, p\u00e4dagogisch-didaktische und organisatorische F\u00e4higkeiten, um Ihnen die besten Wege zum Ziel aufzuzeigen.<\/p><\/div><\/div>\n<\/div>\n<\/div><\/div>\n","protected":false},"excerpt":{"rendered":"<p>Was bedeutet der Design-Thinking Ansatz? Mit Buzzwords um sich werfen kann jeder! Deswegen hier eine Karikatur davon, was dies in der Praxis bedeutet, wenn wir miteinander arbeiten. Die Erstellung und Auslieferung eines eLearnings gliedert sich in Phasen: PlanungsphaseIn einem kostenlosen Beratungsgespr\u00e4ch entwickeln wir insbesondere das &#8222;Was&#8220; und &#8222;Wie&#8220; Ihres Projektes.&nbsp; &nbsp; &nbsp;&nbsp; &nbsp; &nbsp; &nbsp;F\u00fcr [&hellip;]<\/p>\n","protected":false},"author":1,"featured_media":0,"parent":69,"menu_order":0,"comment_status":"closed","ping_status":"closed","template":"","meta":{"_uag_custom_page_level_css":"","site-sidebar-layout":"default","site-content-layout":"","ast-site-content-layout":"default","site-content-style":"default","site-sidebar-style":"default","ast-global-header-display":"","ast-banner-title-visibility":"","ast-main-header-display":"","ast-hfb-above-header-display":"","ast-hfb-below-header-display":"","ast-hfb-mobile-header-display":"","site-post-title":"disabled","ast-breadcrumbs-content":"","ast-featured-img":"","footer-sml-layout":"","theme-transparent-header-meta":"","adv-header-id-meta":"","stick-header-meta":"","header-above-stick-meta":"","header-main-stick-meta":"","header-below-stick-meta":"","astra-migrate-meta-layouts":"set","ast-page-background-enabled":"default","ast-page-background-meta":{"desktop":{"background-color":"var(--ast-global-color-4)","background-image":"","background-repeat":"repeat","background-position":"center center","background-size":"auto","background-attachment":"scroll","background-type":"","background-media":"","overlay-type":"","overlay-color":"","overlay-opacity":"","overlay-gradient":""},"tablet":{"background-color":"","background-image":"","background-repeat":"repeat","background-position":"center center","background-size":"auto","background-attachment":"scroll","background-type":"","background-media":"","overlay-type":"","overlay-color":"","overlay-opacity":"","overlay-gradient":""},"mobile":{"background-color":"","background-image":"","background-repeat":"repeat","background-position":"center center","background-size":"auto","background-attachment":"scroll","background-type":"","background-media":"","overlay-type":"","overlay-color":"","overlay-opacity":"","overlay-gradient":""}},"ast-content-background-meta":{"desktop":{"background-color":"var(--ast-global-color-5)","background-image":"","background-repeat":"repeat","background-position":"center center","background-size":"auto","background-attachment":"scroll","background-type":"","background-media":"","overlay-type":"","overlay-color":"","overlay-opacity":"","overlay-gradient":""},"tablet":{"background-color":"var(--ast-global-color-5)","background-image":"","background-repeat":"repeat","background-position":"center center","background-size":"auto","background-attachment":"scroll","background-type":"","background-media":"","overlay-type":"","overlay-color":"","overlay-opacity":"","overlay-gradient":""},"mobile":{"background-color":"var(--ast-global-color-5)","background-image":"","background-repeat":"repeat","background-position":"center center","background-size":"auto","background-attachment":"scroll","background-type":"","background-media":"","overlay-type":"","overlay-color":"","overlay-opacity":"","overlay-gradient":""}},"footnotes":""},"class_list":["post-667","page","type-page","status-publish","hentry"],"uagb_featured_image_src":{"full":false,"thumbnail":false,"medium":false,"medium_large":false,"large":false,"1536x1536":false,"2048x2048":false},"uagb_author_info":{"display_name":"Maestrowp","author_link":"https:\/\/lernadapter.de\/wordpress\/author\/maestrowp\/"},"uagb_comment_info":0,"uagb_excerpt":"Was bedeutet der Design-Thinking Ansatz? Mit Buzzwords um sich werfen kann jeder! Deswegen hier eine Karikatur davon, was dies in der Praxis bedeutet, wenn wir miteinander arbeiten. Die Erstellung und Auslieferung eines eLearnings gliedert sich in Phasen: PlanungsphaseIn einem kostenlosen Beratungsgespr\u00e4ch entwickeln wir insbesondere das &#8222;Was&#8220; und &#8222;Wie&#8220; Ihres Projektes.&nbsp; &nbsp; &nbsp;&nbsp; &nbsp; &nbsp; &nbsp;F\u00fcr&hellip;","_links":{"self":[{"href":"https:\/\/lernadapter.de\/wordpress\/wp-json\/wp\/v2\/pages\/667","targetHints":{"allow":["GET"]}}],"collection":[{"href":"https:\/\/lernadapter.de\/wordpress\/wp-json\/wp\/v2\/pages"}],"about":[{"href":"https:\/\/lernadapter.de\/wordpress\/wp-json\/wp\/v2\/types\/page"}],"author":[{"embeddable":true,"href":"https:\/\/lernadapter.de\/wordpress\/wp-json\/wp\/v2\/users\/1"}],"replies":[{"embeddable":true,"href":"https:\/\/lernadapter.de\/wordpress\/wp-json\/wp\/v2\/comments?post=667"}],"version-history":[{"count":10,"href":"https:\/\/lernadapter.de\/wordpress\/wp-json\/wp\/v2\/pages\/667\/revisions"}],"predecessor-version":[{"id":794,"href":"https:\/\/lernadapter.de\/wordpress\/wp-json\/wp\/v2\/pages\/667\/revisions\/794"}],"up":[{"embeddable":true,"href":"https:\/\/lernadapter.de\/wordpress\/wp-json\/wp\/v2\/pages\/69"}],"wp:attachment":[{"href":"https:\/\/lernadapter.de\/wordpress\/wp-json\/wp\/v2\/media?parent=667"}],"curies":[{"name":"wp","href":"https:\/\/api.w.org\/{rel}","templated":true}]}}