{"id":676,"date":"2025-01-10T08:57:29","date_gmt":"2025-01-10T07:57:29","guid":{"rendered":"https:\/\/lernadapter.de\/wordpress\/?page_id=676"},"modified":"2025-01-12T10:11:07","modified_gmt":"2025-01-12T09:11:07","slug":"simulatoren","status":"publish","type":"page","link":"https:\/\/lernadapter.de\/wordpress\/home\/simulatoren\/","title":{"rendered":"Softwaresimulatoren"},"content":{"rendered":"\n<div class=\"wp-block-uagb-container uagb-block-83868740 alignfull uagb-is-root-container\">\n<div class=\"wp-block-uagb-container uag-hide-mob uagb-layout-flex uagb-block-7ea9a9c3\"><\/div>\n\n\n\n<div class=\"wp-block-uagb-container uagb-block-178c8284\">\n<div class=\"wp-block-uagb-info-box uagb-block-5bacd792 uagb-infobox__content-wrap  uagb-infobox-icon-above-title uagb-infobox-image-valign-top wp-block-uagb-info-box--has-margin\"><div class=\"uagb-infobox-margin-wrapper\"><div class=\"uagb-ifb-content\"><div class=\"uagb-ifb-title-wrap\"><span class=\"uagb-ifb-title-prefix\">Auf Sie zugeschnittene Softwaresimulationen<\/span><h2 class=\"uagb-ifb-title\">Simulationsbasiert Lernen<\/h2><\/div><p class=\"uagb-ifb-desc\">Inzwischen ist in vielen Berufen der Erfolg eines Mitarbeiters unmittelbar an seine Kompetenzen in der jeweils verwendeten Software gekn\u00fcpft.<br><br>Es gibt so unglaublich viele Arbeitsanweisungen und Anleitungen, die ben\u00f6tigte Kompetenzen nur sehr schlecht vermitteln k\u00f6nnen. Von ein paar Screenshots mit einer einzeiligen Bildunterschrift, ohne Kontext und ohne Sinn, ist es nun einmal sehr schwierig abzuleiten, was wirklich zu tun ist.<br><br>Mit unseren Softwaresimulatoren \u00e4ndert sich das! In diesen Simulatoren kann Schritt f\u00fcr Schritt genau der Prozess praktisch so ge\u00fcbt werden, wie er f\u00fcr das Unternehmen am n\u00fctzlichsten ist.<br><\/p><div class=\"uagb-ifb-button-wrapper wp-block-button\"><a href=\"https:\/\/outlook.office365.com\/book\/Lernadapter1@Lernadapter1.onmicrosoft.com\/\" class=\"uagb-infobox-cta-link wp-block-button__link\" target=\"_self\" rel=\"noopener noreferrer\" onclick=\"return true;\"><span class=\"uagb-inline-editing\">Beratungsgespr\u00e4ch Vereinbaren<\/span><svg xmlns=\"https:\/\/www.w3.org\/2000\/svg\" viewBox=\"0 0 448 512\"><path d=\"M438.6 278.6l-160 160C272.4 444.9 264.2 448 256 448s-16.38-3.125-22.62-9.375c-12.5-12.5-12.5-32.75 0-45.25L338.8 288H32C14.33 288 .0016 273.7 .0016 256S14.33 224 32 224h306.8l-105.4-105.4c-12.5-12.5-12.5-32.75 0-45.25s32.75-12.5 45.25 0l160 160C451.1 245.9 451.1 266.1 438.6 278.6z\"><\/path><\/svg><\/a><\/div><\/div><\/div><\/div>\n<\/div>\n<\/div>\n\n\n\n<div class=\"wp-block-uagb-container uagb-layout-grid uagb-block-df0831ad alignfull uagb-is-root-container\"><div class=\"uagb-container-inner-blocks-wrap\">\n<div class=\"wp-block-uagb-info-box uagb-block-11baed6d uagb-infobox__content-wrap  uagb-infobox-icon-above-title uagb-infobox-image-valign-top\"><div class=\"uagb-ifb-content\"><div class=\"uagb-ifb-image-content\"><img decoding=\"async\" src=\"https:\/\/lernadapter.de\/wordpress\/wp-content\/uploads\/2025\/01\/virtual-assistant-300x300.png\" alt=\"\" width=\"\" height=\"0\" loading=\"lazy\"\/><\/div><div class=\"uagb-ifb-separator\"><\/div><div class=\"uagb-ifb-title-wrap\"><\/div><\/div><\/div>\n\n\n\n<div class=\"wp-block-uagb-advanced-heading uagb-block-2d1b90a6\"><h2 class=\"uagb-heading-text\">Sind Softwaresimulatoren effektiv?<\/h2><p class=\"uagb-desc-text\">Eine der effektivsten Lernmethoden ist es, etwas selbst zu tun. Genau darauf zielen unsere Softwaresimulationen ab.<br>Der Mitarbeiter kann sich in einer sicheren, interaktiven Umgebung, die nah an der Arbeitsrealit\u00e4t liegt, mit den M\u00f6glichkeiten der Software vertraut machen. Dennoch wird er dabei in jedem Schritt angeleitet, und es besteht keine Gefahr, sich zu &#8222;verlaufen&#8220; oder sich einen falschen Prozess anzueignen.<\/p><\/div>\n<\/div><\/div>\n\n\n\n<div class=\"wp-block-uagb-container uagb-block-d8ac2f0a alignfull uagb-is-root-container\"><div class=\"uagb-container-inner-blocks-wrap\">\n<div class=\"wp-block-uagb-advanced-heading uagb-block-443fec0f\"><h2 class=\"uagb-heading-text\">Warum Lernadapter?<\/h2><p class=\"uagb-desc-text\">Wir sind Ihre L\u00f6sung!<\/p><\/div>\n\n\n\n<div class=\"wp-block-uagb-container uagb-block-5141d019\">\n<div class=\"wp-block-uagb-info-box uagb-block-29a4c794 uagb-infobox__content-wrap  uagb-infobox-icon-above-title uagb-infobox-image-valign-top wp-block-uagb-info-box--has-margin\"><div class=\"uagb-infobox-margin-wrapper\"><div class=\"uagb-ifb-content\"><div class=\"uagb-ifb-image-content\"><img decoding=\"async\" src=\"https:\/\/lernadapter.de\/wordpress\/wp-content\/uploads\/2025\/01\/piggy-bank.png\" alt=\"\" width=\"\" height=\"0\" loading=\"lazy\"\/><\/div><div class=\"uagb-ifb-title-wrap\"><h3 class=\"uagb-ifb-title\">Faire Preise<\/h3><\/div><p class=\"uagb-ifb-desc\">Gutes, modernes Lernmanagement muss nicht viel kosten. Mit unseren Produkten k\u00f6nnen Sie dennoch alles erreichen was die Premium Systeme auch wollen (manchmal sogar mehr).<\/p><\/div><\/div><\/div>\n\n\n\n<div class=\"wp-block-uagb-info-box uagb-block-d6fe9562 uagb-infobox__content-wrap  uagb-infobox-icon-above-title uagb-infobox-image-valign-top\"><div class=\"uagb-ifb-content\"><div class=\"uagb-ifb-image-content\"><img decoding=\"async\" src=\"https:\/\/lernadapter.de\/wordpress\/wp-content\/uploads\/2025\/01\/24-7.png\" alt=\"\" width=\"\" height=\"0\" loading=\"lazy\"\/><\/div><div class=\"uagb-ifb-title-wrap\"><h3 class=\"uagb-ifb-title\">Service Jederzeit<\/h3><\/div><p class=\"uagb-ifb-desc\">Wir stehen Ihnen gerne f\u00fcr Ihre Anfragen zur Verf\u00fcgung. Unser Service ist bereit Sie zu unterst\u00fctzen, dass beste aus Ihrem System herauszuholen.<\/p><\/div><\/div>\n\n\n\n<div class=\"wp-block-uagb-info-box uagb-block-b07acd79 uagb-infobox__content-wrap  uagb-infobox-icon-above-title uagb-infobox-image-valign-top\"><div class=\"uagb-ifb-content\"><div class=\"uagb-ifb-image-content\"><img decoding=\"async\" src=\"https:\/\/lernadapter.de\/wordpress\/wp-content\/uploads\/2025\/01\/tools.png\" alt=\"\" width=\"\" height=\"0\" loading=\"lazy\"\/><\/div><div class=\"uagb-ifb-title-wrap\"><h3 class=\"uagb-ifb-title\">Qualifizierte Fachkr\u00e4fte<\/h3><\/div><p class=\"uagb-ifb-desc\">Unsere Mitarbeiter vereinen technische, p\u00e4dagogisch-didaktische und organisatorische F\u00e4higkeiten, um Ihnen die besten Wege zum Ziel aufzuzeigen.<\/p><\/div><\/div>\n<\/div>\n<\/div><\/div>\n\n\n\n<p><\/p>\n","protected":false},"excerpt":{"rendered":"<p>Sind Softwaresimulatoren effektiv? Eine der effektivsten Lernmethoden ist es, etwas selbst zu tun. Genau darauf zielen unsere Softwaresimulationen ab.Der Mitarbeiter kann sich in einer sicheren, interaktiven Umgebung, die nah an der Arbeitsrealit\u00e4t liegt, mit den M\u00f6glichkeiten der Software vertraut machen. Dennoch wird er dabei in jedem Schritt angeleitet, und es besteht keine Gefahr, sich zu [&hellip;]<\/p>\n","protected":false},"author":1,"featured_media":0,"parent":69,"menu_order":0,"comment_status":"closed","ping_status":"closed","template":"","meta":{"_uag_custom_page_level_css":"","site-sidebar-layout":"default","site-content-layout":"","ast-site-content-layout":"default","site-content-style":"default","site-sidebar-style":"default","ast-global-header-display":"","ast-banner-title-visibility":"","ast-main-header-display":"","ast-hfb-above-header-display":"","ast-hfb-below-header-display":"","ast-hfb-mobile-header-display":"","site-post-title":"disabled","ast-breadcrumbs-content":"","ast-featured-img":"","footer-sml-layout":"","theme-transparent-header-meta":"","adv-header-id-meta":"","stick-header-meta":"","header-above-stick-meta":"","header-main-stick-meta":"","header-below-stick-meta":"","astra-migrate-meta-layouts":"set","ast-page-background-enabled":"default","ast-page-background-meta":{"desktop":{"background-color":"var(--ast-global-color-4)","background-image":"","background-repeat":"repeat","background-position":"center center","background-size":"auto","background-attachment":"scroll","background-type":"","background-media":"","overlay-type":"","overlay-color":"","overlay-opacity":"","overlay-gradient":""},"tablet":{"background-color":"","background-image":"","background-repeat":"repeat","background-position":"center center","background-size":"auto","background-attachment":"scroll","background-type":"","background-media":"","overlay-type":"","overlay-color":"","overlay-opacity":"","overlay-gradient":""},"mobile":{"background-color":"","background-image":"","background-repeat":"repeat","background-position":"center center","background-size":"auto","background-attachment":"scroll","background-type":"","background-media":"","overlay-type":"","overlay-color":"","overlay-opacity":"","overlay-gradient":""}},"ast-content-background-meta":{"desktop":{"background-color":"var(--ast-global-color-5)","background-image":"","background-repeat":"repeat","background-position":"center center","background-size":"auto","background-attachment":"scroll","background-type":"","background-media":"","overlay-type":"","overlay-color":"","overlay-opacity":"","overlay-gradient":""},"tablet":{"background-color":"var(--ast-global-color-5)","background-image":"","background-repeat":"repeat","background-position":"center center","background-size":"auto","background-attachment":"scroll","background-type":"","background-media":"","overlay-type":"","overlay-color":"","overlay-opacity":"","overlay-gradient":""},"mobile":{"background-color":"var(--ast-global-color-5)","background-image":"","background-repeat":"repeat","background-position":"center center","background-size":"auto","background-attachment":"scroll","background-type":"","background-media":"","overlay-type":"","overlay-color":"","overlay-opacity":"","overlay-gradient":""}},"footnotes":""},"class_list":["post-676","page","type-page","status-publish","hentry"],"uagb_featured_image_src":{"full":false,"thumbnail":false,"medium":false,"medium_large":false,"large":false,"1536x1536":false,"2048x2048":false},"uagb_author_info":{"display_name":"Maestrowp","author_link":"https:\/\/lernadapter.de\/wordpress\/author\/maestrowp\/"},"uagb_comment_info":0,"uagb_excerpt":"Sind Softwaresimulatoren effektiv? Eine der effektivsten Lernmethoden ist es, etwas selbst zu tun. Genau darauf zielen unsere Softwaresimulationen ab.Der Mitarbeiter kann sich in einer sicheren, interaktiven Umgebung, die nah an der Arbeitsrealit\u00e4t liegt, mit den M\u00f6glichkeiten der Software vertraut machen. Dennoch wird er dabei in jedem Schritt angeleitet, und es besteht keine Gefahr, sich zu&hellip;","_links":{"self":[{"href":"https:\/\/lernadapter.de\/wordpress\/wp-json\/wp\/v2\/pages\/676","targetHints":{"allow":["GET"]}}],"collection":[{"href":"https:\/\/lernadapter.de\/wordpress\/wp-json\/wp\/v2\/pages"}],"about":[{"href":"https:\/\/lernadapter.de\/wordpress\/wp-json\/wp\/v2\/types\/page"}],"author":[{"embeddable":true,"href":"https:\/\/lernadapter.de\/wordpress\/wp-json\/wp\/v2\/users\/1"}],"replies":[{"embeddable":true,"href":"https:\/\/lernadapter.de\/wordpress\/wp-json\/wp\/v2\/comments?post=676"}],"version-history":[{"count":7,"href":"https:\/\/lernadapter.de\/wordpress\/wp-json\/wp\/v2\/pages\/676\/revisions"}],"predecessor-version":[{"id":816,"href":"https:\/\/lernadapter.de\/wordpress\/wp-json\/wp\/v2\/pages\/676\/revisions\/816"}],"up":[{"embeddable":true,"href":"https:\/\/lernadapter.de\/wordpress\/wp-json\/wp\/v2\/pages\/69"}],"wp:attachment":[{"href":"https:\/\/lernadapter.de\/wordpress\/wp-json\/wp\/v2\/media?parent=676"}],"curies":[{"name":"wp","href":"https:\/\/api.w.org\/{rel}","templated":true}]}}